{"id":35923,"date":"2026-03-09T13:28:15","date_gmt":"2026-03-09T13:28:15","guid":{"rendered":"https:\/\/cappuccinocj.fr\/index.php\/produit\/pantalon-coupe-barrel\/"},"modified":"2026-03-09T13:34:57","modified_gmt":"2026-03-09T13:34:57","slug":"pantalon-coupe-barrel","status":"publish","type":"product","link":"https:\/\/cappuccinocj.fr\/index.php\/produit\/pantalon-coupe-barrel\/","title":{"rendered":"Pantalon coupe Barrel"},"content":{"rendered":"","protected":false},"excerpt":{"rendered":"<p>65\u20ac<\/p>\n<p>rose<\/p>\n<p>TS, M ou L<\/p>\n<p>pantalon ample \u00e0 coutures sur devant de la jambe, poches c\u00f4t\u00e9s , passants \u00e0 la taille et pinces haut de fesse<\/p>\n","protected":false},"featured_media":35920,"comment_status":"open","ping_status":"closed","template":"","meta":[],"product_brand":[],"product_cat":[27],"product_tag":[],"class_list":{"0":"post-35923","1":"product","2":"type-product","3":"status-publish","4":"has-post-thumbnail","6":"product_cat-pantalon","8":"first","9":"instock","10":"shipping-taxable","11":"purchasable","12":"product-type-simple"},"jetpack_sharing_enabled":true,"_links":{"self":[{"href":"https:\/\/cappuccinocj.fr\/index.php\/wp-json\/wp\/v2\/product\/35923","targetHints":{"allow":["GET"]}}],"collection":[{"href":"https:\/\/cappuccinocj.fr\/index.php\/wp-json\/wp\/v2\/product"}],"about":[{"href":"https:\/\/cappuccinocj.fr\/index.php\/wp-json\/wp\/v2\/types\/product"}],"replies":[{"embeddable":true,"href":"https:\/\/cappuccinocj.fr\/index.php\/wp-json\/wp\/v2\/comments?post=35923"}],"wp:featuredmedia":[{"embeddable":true,"href":"https:\/\/cappuccinocj.fr\/index.php\/wp-json\/wp\/v2\/media\/35920"}],"wp:attachment":[{"href":"https:\/\/cappuccinocj.fr\/index.php\/wp-json\/wp\/v2\/media?parent=35923"}],"wp:term":[{"taxonomy":"product_brand","embeddable":true,"href":"https:\/\/cappuccinocj.fr\/index.php\/wp-json\/wp\/v2\/product_brand?post=35923"},{"taxonomy":"product_cat","embeddable":true,"href":"https:\/\/cappuccinocj.fr\/index.php\/wp-json\/wp\/v2\/product_cat?post=35923"},{"taxonomy":"product_tag","embeddable":true,"href":"https:\/\/cappuccinocj.fr\/index.php\/wp-json\/wp\/v2\/product_tag?post=35923"}],"curies":[{"name":"wp","href":"https:\/\/api.w.org\/{rel}","templated":true}]}}