{"id":35968,"date":"2026-03-09T14:55:44","date_gmt":"2026-03-09T14:55:44","guid":{"rendered":"https:\/\/cappuccinocj.fr\/index.php\/produit\/chemise-a-pois\/"},"modified":"2026-03-09T14:57:33","modified_gmt":"2026-03-09T14:57:33","slug":"chemise-a-pois","status":"publish","type":"product","link":"https:\/\/cappuccinocj.fr\/index.php\/produit\/chemise-a-pois\/","title":{"rendered":"Chemise \u00e0 pois"},"content":{"rendered":"","protected":false},"excerpt":{"rendered":"<h1>36\u20ac<\/h1>\n<p>rose p\u00e2le et pois blancs<\/p>\n<p>TS\/M M\/L<\/p>\n<p>chemisier fa\u00e7on blouse(sans boutons), l\u00e9ger, manches courtes, col \u00e0 frou-frou<\/p>\n<p>95% polyester<\/p>\n","protected":false},"featured_media":35961,"comment_status":"open","ping_status":"closed","template":"","meta":[],"product_brand":[],"product_cat":[44],"product_tag":[],"class_list":{"0":"post-35968","1":"product","2":"type-product","3":"status-publish","4":"has-post-thumbnail","6":"product_cat-chemise","8":"first","9":"instock","10":"shipping-taxable","11":"product-type-simple"},"jetpack_sharing_enabled":true,"_links":{"self":[{"href":"https:\/\/cappuccinocj.fr\/index.php\/wp-json\/wp\/v2\/product\/35968","targetHints":{"allow":["GET"]}}],"collection":[{"href":"https:\/\/cappuccinocj.fr\/index.php\/wp-json\/wp\/v2\/product"}],"about":[{"href":"https:\/\/cappuccinocj.fr\/index.php\/wp-json\/wp\/v2\/types\/product"}],"replies":[{"embeddable":true,"href":"https:\/\/cappuccinocj.fr\/index.php\/wp-json\/wp\/v2\/comments?post=35968"}],"wp:featuredmedia":[{"embeddable":true,"href":"https:\/\/cappuccinocj.fr\/index.php\/wp-json\/wp\/v2\/media\/35961"}],"wp:attachment":[{"href":"https:\/\/cappuccinocj.fr\/index.php\/wp-json\/wp\/v2\/media?parent=35968"}],"wp:term":[{"taxonomy":"product_brand","embeddable":true,"href":"https:\/\/cappuccinocj.fr\/index.php\/wp-json\/wp\/v2\/product_brand?post=35968"},{"taxonomy":"product_cat","embeddable":true,"href":"https:\/\/cappuccinocj.fr\/index.php\/wp-json\/wp\/v2\/product_cat?post=35968"},{"taxonomy":"product_tag","embeddable":true,"href":"https:\/\/cappuccinocj.fr\/index.php\/wp-json\/wp\/v2\/product_tag?post=35968"}],"curies":[{"name":"wp","href":"https:\/\/api.w.org\/{rel}","templated":true}]}}