{"id":35986,"date":"2026-03-09T15:22:26","date_gmt":"2026-03-09T15:22:26","guid":{"rendered":"https:\/\/cappuccinocj.fr\/index.php\/produit\/sac-a-main-2\/"},"modified":"2026-04-07T15:57:56","modified_gmt":"2026-04-07T15:57:56","slug":"sac-a-main-2","status":"publish","type":"product","link":"https:\/\/cappuccinocj.fr\/index.php\/produit\/sac-a-main-2\/","title":{"rendered":"Sac \u00e0 main PROMO"},"content":{"rendered":"","protected":false},"excerpt":{"rendered":"<h1>29\u20ac <s>39\u20ac<\/s><\/h1>\n<p>Taupe<\/p>\n<p>Su\u00e9dine<\/p>\n<p>2 poches int\u00e9rieures(dont 1 \u00e0 fermeture \u00e9clair), 1 poche ext\u00e9rieure<\/p>\n<p>anse reglable<\/p>\n","protected":false},"featured_media":35990,"comment_status":"open","ping_status":"closed","template":"","meta":[],"product_brand":[],"product_cat":[47],"product_tag":[],"class_list":{"0":"post-35986","1":"product","2":"type-product","3":"status-publish","4":"has-post-thumbnail","6":"product_cat-sac-a-main","8":"first","9":"instock","10":"shipping-taxable","11":"product-type-simple"},"jetpack_sharing_enabled":true,"_links":{"self":[{"href":"https:\/\/cappuccinocj.fr\/index.php\/wp-json\/wp\/v2\/product\/35986","targetHints":{"allow":["GET"]}}],"collection":[{"href":"https:\/\/cappuccinocj.fr\/index.php\/wp-json\/wp\/v2\/product"}],"about":[{"href":"https:\/\/cappuccinocj.fr\/index.php\/wp-json\/wp\/v2\/types\/product"}],"replies":[{"embeddable":true,"href":"https:\/\/cappuccinocj.fr\/index.php\/wp-json\/wp\/v2\/comments?post=35986"}],"wp:featuredmedia":[{"embeddable":true,"href":"https:\/\/cappuccinocj.fr\/index.php\/wp-json\/wp\/v2\/media\/35990"}],"wp:attachment":[{"href":"https:\/\/cappuccinocj.fr\/index.php\/wp-json\/wp\/v2\/media?parent=35986"}],"wp:term":[{"taxonomy":"product_brand","embeddable":true,"href":"https:\/\/cappuccinocj.fr\/index.php\/wp-json\/wp\/v2\/product_brand?post=35986"},{"taxonomy":"product_cat","embeddable":true,"href":"https:\/\/cappuccinocj.fr\/index.php\/wp-json\/wp\/v2\/product_cat?post=35986"},{"taxonomy":"product_tag","embeddable":true,"href":"https:\/\/cappuccinocj.fr\/index.php\/wp-json\/wp\/v2\/product_tag?post=35986"}],"curies":[{"name":"wp","href":"https:\/\/api.w.org\/{rel}","templated":true}]}}