{"id":36095,"date":"2026-03-17T14:03:31","date_gmt":"2026-03-17T14:03:31","guid":{"rendered":"https:\/\/cappuccinocj.fr\/index.php\/produit\/chemise-jean-2\/"},"modified":"2026-03-17T14:03:31","modified_gmt":"2026-03-17T14:03:31","slug":"chemise-jean-2","status":"publish","type":"product","link":"https:\/\/cappuccinocj.fr\/index.php\/produit\/chemise-jean-2\/","title":{"rendered":"Chemise jean"},"content":{"rendered":"","protected":false},"excerpt":{"rendered":"<h1>54\u20ac<\/h1>\n<p>T42 au 52<\/p>\n<p>100% coton<\/p>\n<p>coupe ajust\u00e9e, boutonni\u00e8re,  \u00e0 porter ouverte ou ferm\u00e9e,  patte sur les manches pour les remonter<\/p>\n","protected":false},"featured_media":36093,"comment_status":"open","ping_status":"closed","template":"","meta":[],"product_brand":[],"product_cat":[44],"product_tag":[],"class_list":{"0":"post-36095","1":"product","2":"type-product","3":"status-publish","4":"has-post-thumbnail","6":"product_cat-chemise","8":"first","9":"instock","10":"shipping-taxable","11":"product-type-simple"},"jetpack_sharing_enabled":true,"_links":{"self":[{"href":"https:\/\/cappuccinocj.fr\/index.php\/wp-json\/wp\/v2\/product\/36095","targetHints":{"allow":["GET"]}}],"collection":[{"href":"https:\/\/cappuccinocj.fr\/index.php\/wp-json\/wp\/v2\/product"}],"about":[{"href":"https:\/\/cappuccinocj.fr\/index.php\/wp-json\/wp\/v2\/types\/product"}],"replies":[{"embeddable":true,"href":"https:\/\/cappuccinocj.fr\/index.php\/wp-json\/wp\/v2\/comments?post=36095"}],"wp:featuredmedia":[{"embeddable":true,"href":"https:\/\/cappuccinocj.fr\/index.php\/wp-json\/wp\/v2\/media\/36093"}],"wp:attachment":[{"href":"https:\/\/cappuccinocj.fr\/index.php\/wp-json\/wp\/v2\/media?parent=36095"}],"wp:term":[{"taxonomy":"product_brand","embeddable":true,"href":"https:\/\/cappuccinocj.fr\/index.php\/wp-json\/wp\/v2\/product_brand?post=36095"},{"taxonomy":"product_cat","embeddable":true,"href":"https:\/\/cappuccinocj.fr\/index.php\/wp-json\/wp\/v2\/product_cat?post=36095"},{"taxonomy":"product_tag","embeddable":true,"href":"https:\/\/cappuccinocj.fr\/index.php\/wp-json\/wp\/v2\/product_tag?post=36095"}],"curies":[{"name":"wp","href":"https:\/\/api.w.org\/{rel}","templated":true}]}}