{"id":36179,"date":"2026-03-24T14:00:14","date_gmt":"2026-03-24T14:00:14","guid":{"rendered":"https:\/\/cappuccinocj.fr\/index.php\/produit\/jean-5\/"},"modified":"2026-04-07T16:35:36","modified_gmt":"2026-04-07T16:35:36","slug":"jean-5","status":"publish","type":"product","link":"https:\/\/cappuccinocj.fr\/index.php\/produit\/jean-5\/","title":{"rendered":"JEAN ajust\u00e9"},"content":{"rendered":"","protected":false},"excerpt":{"rendered":"<h1>59\u20ac<\/h1>\n<p>T46  T48  T50<\/p>\n<p>jean brut coupe ajust\u00e9e,  \u00e9lastique \u00e0 la taille, ultra confort<\/p>\n<p>75\u20ac coton 23% polyester 2% elasthane<\/p>\n<p>fabrication  francaise<\/p>\n","protected":false},"featured_media":36172,"comment_status":"open","ping_status":"closed","template":"","meta":[],"product_brand":[],"product_cat":[28],"product_tag":[],"class_list":{"0":"post-36179","1":"product","2":"type-product","3":"status-publish","4":"has-post-thumbnail","6":"product_cat-jeans","8":"first","9":"instock","10":"shipping-taxable","11":"product-type-simple"},"jetpack_sharing_enabled":true,"_links":{"self":[{"href":"https:\/\/cappuccinocj.fr\/index.php\/wp-json\/wp\/v2\/product\/36179","targetHints":{"allow":["GET"]}}],"collection":[{"href":"https:\/\/cappuccinocj.fr\/index.php\/wp-json\/wp\/v2\/product"}],"about":[{"href":"https:\/\/cappuccinocj.fr\/index.php\/wp-json\/wp\/v2\/types\/product"}],"replies":[{"embeddable":true,"href":"https:\/\/cappuccinocj.fr\/index.php\/wp-json\/wp\/v2\/comments?post=36179"}],"wp:featuredmedia":[{"embeddable":true,"href":"https:\/\/cappuccinocj.fr\/index.php\/wp-json\/wp\/v2\/media\/36172"}],"wp:attachment":[{"href":"https:\/\/cappuccinocj.fr\/index.php\/wp-json\/wp\/v2\/media?parent=36179"}],"wp:term":[{"taxonomy":"product_brand","embeddable":true,"href":"https:\/\/cappuccinocj.fr\/index.php\/wp-json\/wp\/v2\/product_brand?post=36179"},{"taxonomy":"product_cat","embeddable":true,"href":"https:\/\/cappuccinocj.fr\/index.php\/wp-json\/wp\/v2\/product_cat?post=36179"},{"taxonomy":"product_tag","embeddable":true,"href":"https:\/\/cappuccinocj.fr\/index.php\/wp-json\/wp\/v2\/product_tag?post=36179"}],"curies":[{"name":"wp","href":"https:\/\/api.w.org\/{rel}","templated":true}]}}