{"id":36315,"date":"2026-04-07T12:57:27","date_gmt":"2026-04-07T12:57:27","guid":{"rendered":"https:\/\/cappuccinocj.fr\/index.php\/produit\/planning-du-mois-davril\/"},"modified":"2026-04-07T12:57:27","modified_gmt":"2026-04-07T12:57:27","slug":"planning-du-mois-davril","status":"publish","type":"product","link":"https:\/\/cappuccinocj.fr\/index.php\/produit\/planning-du-mois-davril\/","title":{"rendered":"PLANNING du Mois d&rsquo;AVRIL"},"content":{"rendered":"<p>voici nos Boutiques \u00e9ph\u00e9m\u00e8res o\u00f9 vous pouvez nous retrouver .<\/p>\n","protected":false},"excerpt":{"rendered":"<p>voici nos Boutiques \u00e9ph\u00e9m\u00e8res o\u00f9 vous pouvez nous retrouver .<\/p>\n","protected":false},"featured_media":36314,"comment_status":"open","ping_status":"closed","template":"","meta":[],"product_brand":[],"product_cat":[29,31],"product_tag":[],"class_list":{"0":"post-36315","1":"product","2":"type-product","3":"status-publish","4":"has-post-thumbnail","6":"product_cat-boutique-ephemere","7":"product_cat-showroom","9":"first","10":"instock","11":"shipping-taxable","12":"product-type-simple"},"jetpack_sharing_enabled":true,"_links":{"self":[{"href":"https:\/\/cappuccinocj.fr\/index.php\/wp-json\/wp\/v2\/product\/36315","targetHints":{"allow":["GET"]}}],"collection":[{"href":"https:\/\/cappuccinocj.fr\/index.php\/wp-json\/wp\/v2\/product"}],"about":[{"href":"https:\/\/cappuccinocj.fr\/index.php\/wp-json\/wp\/v2\/types\/product"}],"replies":[{"embeddable":true,"href":"https:\/\/cappuccinocj.fr\/index.php\/wp-json\/wp\/v2\/comments?post=36315"}],"wp:featuredmedia":[{"embeddable":true,"href":"https:\/\/cappuccinocj.fr\/index.php\/wp-json\/wp\/v2\/media\/36314"}],"wp:attachment":[{"href":"https:\/\/cappuccinocj.fr\/index.php\/wp-json\/wp\/v2\/media?parent=36315"}],"wp:term":[{"taxonomy":"product_brand","embeddable":true,"href":"https:\/\/cappuccinocj.fr\/index.php\/wp-json\/wp\/v2\/product_brand?post=36315"},{"taxonomy":"product_cat","embeddable":true,"href":"https:\/\/cappuccinocj.fr\/index.php\/wp-json\/wp\/v2\/product_cat?post=36315"},{"taxonomy":"product_tag","embeddable":true,"href":"https:\/\/cappuccinocj.fr\/index.php\/wp-json\/wp\/v2\/product_tag?post=36315"}],"curies":[{"name":"wp","href":"https:\/\/api.w.org\/{rel}","templated":true}]}}