{"id":36336,"date":"2026-04-07T14:27:39","date_gmt":"2026-04-07T14:27:39","guid":{"rendered":"https:\/\/cappuccinocj.fr\/index.php\/produit\/robe-jean\/"},"modified":"2026-04-07T14:28:42","modified_gmt":"2026-04-07T14:28:42","slug":"robe-jean","status":"publish","type":"product","link":"https:\/\/cappuccinocj.fr\/index.php\/produit\/robe-jean\/","title":{"rendered":"Robe jean"},"content":{"rendered":"","protected":false},"excerpt":{"rendered":"<h1>65\u20ac<\/h1>\n<p>TS, M, L et XL<\/p>\n<p>100% COTON<\/p>\n<p>robe \u00e0 boutonni\u00e8re, ceinture amovible \u00e0 nouer, manches courtes, cintr\u00e9e<\/p>\n","protected":false},"featured_media":36335,"comment_status":"open","ping_status":"closed","template":"","meta":[],"product_brand":[],"product_cat":[56],"product_tag":[],"class_list":{"0":"post-36336","1":"product","2":"type-product","3":"status-publish","4":"has-post-thumbnail","6":"product_cat-robe","8":"first","9":"instock","10":"shipping-taxable","11":"product-type-simple"},"jetpack_sharing_enabled":true,"_links":{"self":[{"href":"https:\/\/cappuccinocj.fr\/index.php\/wp-json\/wp\/v2\/product\/36336","targetHints":{"allow":["GET"]}}],"collection":[{"href":"https:\/\/cappuccinocj.fr\/index.php\/wp-json\/wp\/v2\/product"}],"about":[{"href":"https:\/\/cappuccinocj.fr\/index.php\/wp-json\/wp\/v2\/types\/product"}],"replies":[{"embeddable":true,"href":"https:\/\/cappuccinocj.fr\/index.php\/wp-json\/wp\/v2\/comments?post=36336"}],"wp:featuredmedia":[{"embeddable":true,"href":"https:\/\/cappuccinocj.fr\/index.php\/wp-json\/wp\/v2\/media\/36335"}],"wp:attachment":[{"href":"https:\/\/cappuccinocj.fr\/index.php\/wp-json\/wp\/v2\/media?parent=36336"}],"wp:term":[{"taxonomy":"product_brand","embeddable":true,"href":"https:\/\/cappuccinocj.fr\/index.php\/wp-json\/wp\/v2\/product_brand?post=36336"},{"taxonomy":"product_cat","embeddable":true,"href":"https:\/\/cappuccinocj.fr\/index.php\/wp-json\/wp\/v2\/product_cat?post=36336"},{"taxonomy":"product_tag","embeddable":true,"href":"https:\/\/cappuccinocj.fr\/index.php\/wp-json\/wp\/v2\/product_tag?post=36336"}],"curies":[{"name":"wp","href":"https:\/\/api.w.org\/{rel}","templated":true}]}}