{"id":36379,"date":"2026-04-07T16:07:28","date_gmt":"2026-04-07T16:07:28","guid":{"rendered":"https:\/\/cappuccinocj.fr\/index.php\/produit\/sac-a-main-3\/"},"modified":"2026-04-07T16:07:28","modified_gmt":"2026-04-07T16:07:28","slug":"sac-a-main-3","status":"publish","type":"product","link":"https:\/\/cappuccinocj.fr\/index.php\/produit\/sac-a-main-3\/","title":{"rendered":"Sac \u00e0 main"},"content":{"rendered":"","protected":false},"excerpt":{"rendered":"<h1>36\u20ac<\/h1>\n<p>Sac \u00e0 main, 3 poches int\u00e9rieures \u00e0 fermeture \u00e9clair<\/p>\n<p>Taupe ou noir<\/p>\n","protected":false},"featured_media":36377,"comment_status":"open","ping_status":"closed","template":"","meta":[],"product_brand":[],"product_cat":[47],"product_tag":[],"class_list":{"0":"post-36379","1":"product","2":"type-product","3":"status-publish","4":"has-post-thumbnail","6":"product_cat-sac-a-main","8":"first","9":"instock","10":"shipping-taxable","11":"product-type-simple"},"jetpack_sharing_enabled":true,"_links":{"self":[{"href":"https:\/\/cappuccinocj.fr\/index.php\/wp-json\/wp\/v2\/product\/36379","targetHints":{"allow":["GET"]}}],"collection":[{"href":"https:\/\/cappuccinocj.fr\/index.php\/wp-json\/wp\/v2\/product"}],"about":[{"href":"https:\/\/cappuccinocj.fr\/index.php\/wp-json\/wp\/v2\/types\/product"}],"replies":[{"embeddable":true,"href":"https:\/\/cappuccinocj.fr\/index.php\/wp-json\/wp\/v2\/comments?post=36379"}],"wp:featuredmedia":[{"embeddable":true,"href":"https:\/\/cappuccinocj.fr\/index.php\/wp-json\/wp\/v2\/media\/36377"}],"wp:attachment":[{"href":"https:\/\/cappuccinocj.fr\/index.php\/wp-json\/wp\/v2\/media?parent=36379"}],"wp:term":[{"taxonomy":"product_brand","embeddable":true,"href":"https:\/\/cappuccinocj.fr\/index.php\/wp-json\/wp\/v2\/product_brand?post=36379"},{"taxonomy":"product_cat","embeddable":true,"href":"https:\/\/cappuccinocj.fr\/index.php\/wp-json\/wp\/v2\/product_cat?post=36379"},{"taxonomy":"product_tag","embeddable":true,"href":"https:\/\/cappuccinocj.fr\/index.php\/wp-json\/wp\/v2\/product_tag?post=36379"}],"curies":[{"name":"wp","href":"https:\/\/api.w.org\/{rel}","templated":true}]}}